{"id":76,"date":"2023-05-15T19:31:36","date_gmt":"2023-05-15T19:31:36","guid":{"rendered":"https:\/\/onlineforretning.dk\/?page_id=76"},"modified":"2023-05-15T19:32:12","modified_gmt":"2023-05-15T19:32:12","slug":"76-2","status":"publish","type":"page","link":"https:\/\/onlineforretning.dk\/?page_id=76","title":{"rendered":"markedsf\u00f8ring p\u00e5 jysk"},"content":{"rendered":"[vc_row type=&#8221;full_width_content&#8221; full_screen_row_position=&#8221;middle&#8221; column_margin=&#8221;default&#8221; equal_height=&#8221;yes&#8221; content_placement=&#8221;middle&#8221; column_direction=&#8221;default&#8221; column_direction_tablet=&#8221;default&#8221; column_direction_phone=&#8221;default&#8221; bg_color=&#8221;#ffffff&#8221; scene_position=&#8221;center&#8221; constrain_group_1=&#8221;yes&#8221; top_padding_tablet=&#8221;8%&#8221; bottom_padding_tablet=&#8221;8%&#8221; text_color=&#8221;dark&#8221; text_align=&#8221;left&#8221; row_border_radius=&#8221;none&#8221; row_border_radius_applies=&#8221;bg&#8221; overflow=&#8221;visible&#8221; id=&#8221;home&#8221; overlay_strength=&#8221;0.5&#8243; gradient_direction=&#8221;top_to_bottom&#8221; shape_divider_position=&#8221;bottom&#8221; bg_image_animation=&#8221;none&#8221; shape_type=&#8221;straight_section&#8221;][vc_column column_padding=&#8221;no-extra-padding&#8221; column_padding_tablet=&#8221;inherit&#8221; column_padding_phone=&#8221;inherit&#8221; column_padding_position=&#8221;all&#8221; left_margin_tablet=&#8221;auto&#8221; right_margin_tablet=&#8221;auto&#8221; left_margin_phone=&#8221;auto&#8221; right_margin_phone=&#8221;auto&#8221; column_element_direction_desktop=&#8221;default&#8221; column_element_spacing=&#8221;default&#8221; desktop_text_alignment=&#8221;default&#8221; tablet_text_alignment=&#8221;default&#8221; phone_text_alignment=&#8221;default&#8221; background_color_opacity=&#8221;1&#8243; background_hover_color_opacity=&#8221;1&#8243; column_backdrop_filter=&#8221;none&#8221; column_shadow=&#8221;none&#8221; column_border_radius=&#8221;none&#8221; column_link_target=&#8221;_self&#8221; column_position=&#8221;default&#8221; max_width_tablet=&#8221;600&#8243; max_width_phone=&#8221;420px&#8221; gradient_direction=&#8221;left_to_right&#8221; overlay_strength=&#8221;0.5&#8243; width=&#8221;2\/5&#8243; tablet_width_inherit=&#8221;default&#8221; animation_type=&#8221;default&#8221; bg_image_animation=&#8221;none&#8221; border_type=&#8221;simple&#8221; column_border_width=&#8221;none&#8221; column_border_style=&#8221;solid&#8221; offset=&#8221;vc_col-xs-12&#8243;][image_with_animation image_url=&#8221;78&#8243; image_size=&#8221;full&#8221; animation_type=&#8221;entrance&#8221; animation=&#8221;None&#8221; animation_movement_type=&#8221;transform_y&#8221; hover_animation=&#8221;none&#8221; alignment=&#8221;&#8221; border_radius=&#8221;none&#8221; box_shadow=&#8221;none&#8221; image_loading=&#8221;default&#8221; max_width=&#8221;100%&#8221; max_width_mobile=&#8221;default&#8221;][\/vc_column][vc_column column_padding=&#8221;padding-7-percent&#8221; column_padding_tablet=&#8221;no-extra-padding&#8221; column_padding_phone=&#8221;no-extra-padding&#8221; column_padding_position=&#8221;left-right&#8221; top_margin_tablet=&#8221;40&#8243; left_margin_tablet=&#8221;auto&#8221; right_margin_tablet=&#8221;auto&#8221; left_margin_phone=&#8221;auto&#8221; right_margin_phone=&#8221;auto&#8221; column_element_direction_desktop=&#8221;default&#8221; column_element_spacing=&#8221;default&#8221; desktop_text_alignment=&#8221;default&#8221; tablet_text_alignment=&#8221;default&#8221; phone_text_alignment=&#8221;default&#8221; background_color_opacity=&#8221;1&#8243; background_hover_color_opacity=&#8221;1&#8243; column_backdrop_filter=&#8221;none&#8221; column_shadow=&#8221;none&#8221; column_border_radius=&#8221;none&#8221; column_link_target=&#8221;_self&#8221; max_width_desktop=&#8221;1000px&#8221; column_position=&#8221;default&#8221; max_width_tablet=&#8221;600px&#8221; max_width_phone=&#8221;420px&#8221; zindex=&#8221;100&#8243; gradient_direction=&#8221;left_t_to_right_b&#8221; overlay_strength=&#8221;0.3&#8243; width=&#8221;3\/5&#8243; tablet_width_inherit=&#8221;default&#8221; animation_type=&#8221;default&#8221; bg_image_animation=&#8221;none&#8221; border_type=&#8221;simple&#8221; column_border_width=&#8221;none&#8221; column_border_style=&#8221;solid&#8221; offset=&#8221;vc_col-xs-12&#8243;][vc_row_inner column_margin=&#8221;40px&#8221; column_direction=&#8221;default&#8221; column_direction_tablet=&#8221;default&#8221; column_direction_phone=&#8221;default&#8221; text_align=&#8221;left&#8221; row_position=&#8221;default&#8221; row_position_tablet=&#8221;inherit&#8221; row_position_phone=&#8221;inherit&#8221; overflow=&#8221;visible&#8221; pointer_events=&#8221;all&#8221; min_width=&#8221;47vh&#8221;][vc_column_inner column_padding=&#8221;no-extra-padding&#8221; column_padding_tablet=&#8221;inherit&#8221; column_padding_phone=&#8221;inherit&#8221; column_padding_position=&#8221;all&#8221; column_element_direction_desktop=&#8221;default&#8221; column_element_spacing=&#8221;default&#8221; desktop_text_alignment=&#8221;default&#8221; tablet_text_alignment=&#8221;default&#8221; phone_text_alignment=&#8221;default&#8221; background_color_opacity=&#8221;1&#8243; background_hover_color_opacity=&#8221;1&#8243; column_backdrop_filter=&#8221;none&#8221; column_shadow=&#8221;none&#8221; column_border_radius=&#8221;none&#8221; column_link_target=&#8221;_self&#8221; overflow=&#8221;visible&#8221; gradient_direction=&#8221;left_to_right&#8221; overlay_strength=&#8221;0.3&#8243; width=&#8221;1\/1&#8243; tablet_width_inherit=&#8221;default&#8221; animation_type=&#8221;default&#8221; enable_animation=&#8221;true&#8221; animation=&#8221;fade-in-from-bottom&#8221; animation_easing=&#8221;default&#8221; bg_image_animation=&#8221;none&#8221; border_type=&#8221;simple&#8221; column_border_width=&#8221;none&#8221; column_border_style=&#8221;solid&#8221; enable_border_animation=&#8221;true&#8221;][vc_column_text css_animation=&#8221;none&#8221; css=&#8221;.vc_custom_1583270538634{margin-bottom: 20px !important;}&#8221;]\n<h2>Our Philosophy<\/h2>\n[\/vc_column_text][vc_custom_heading text=&#8221;Far far away, behind the word mountains, far from the countries Vokalia and Consonantia, there live the blind texts. Separated they live in Bookmarksgrove right at the coast of the Semantics, a large language ocean.&#8221; font_container=&#8221;tag:p|font_size:20px|text_align:left|line_height:2em&#8221; use_theme_fonts=&#8221;yes&#8221; css_animation=&#8221;none&#8221;][\/vc_column_inner][\/vc_row_inner][vc_row_inner column_margin=&#8221;70px&#8221; column_direction=&#8221;default&#8221; column_direction_tablet=&#8221;default&#8221; column_direction_phone=&#8221;default&#8221; top_padding=&#8221;25&#8243; bottom_padding=&#8221;15&#8243; text_align=&#8221;left&#8221; row_position=&#8221;default&#8221; row_position_tablet=&#8221;inherit&#8221; row_position_phone=&#8221;inherit&#8221; overflow=&#8221;visible&#8221; pointer_events=&#8221;all&#8221;][vc_column_inner column_padding=&#8221;no-extra-padding&#8221; column_padding_tablet=&#8221;inherit&#8221; column_padding_phone=&#8221;inherit&#8221; column_padding_position=&#8221;all&#8221; column_element_direction_desktop=&#8221;default&#8221; column_element_spacing=&#8221;default&#8221; desktop_text_alignment=&#8221;default&#8221; tablet_text_alignment=&#8221;default&#8221; phone_text_alignment=&#8221;default&#8221; background_color_opacity=&#8221;1&#8243; background_hover_color_opacity=&#8221;1&#8243; column_backdrop_filter=&#8221;none&#8221; column_shadow=&#8221;none&#8221; column_border_radius=&#8221;none&#8221; column_link_target=&#8221;_self&#8221; overflow=&#8221;visible&#8221; gradient_direction=&#8221;left_to_right&#8221; overlay_strength=&#8221;0.3&#8243; width=&#8221;1\/2&#8243; tablet_width_inherit=&#8221;small_desktop&#8221; animation_type=&#8221;default&#8221; enable_animation=&#8221;true&#8221; animation=&#8221;fade-in-from-bottom&#8221; animation_easing=&#8221;default&#8221; bg_image_animation=&#8221;none&#8221; border_type=&#8221;simple&#8221; column_border_width=&#8221;none&#8221; column_border_style=&#8221;solid&#8221;][vc_column_text css_animation=&#8221;none&#8221; css=&#8221;.vc_custom_1583270560188{margin-bottom: 10px !important;}&#8221;]\n<h4>Quality over Quantity<\/h4>\n[\/vc_column_text][vc_custom_heading text=&#8221;Far far away, behind the word mountains, far from the countries Vokalia and Consonantia, there live the blind texts.&#8221; font_container=&#8221;tag:p|font_size:16px|text_align:left|line_height:2em&#8221; use_theme_fonts=&#8221;yes&#8221; css_animation=&#8221;none&#8221;][\/vc_column_inner][vc_column_inner column_padding=&#8221;no-extra-padding&#8221; column_padding_tablet=&#8221;inherit&#8221; column_padding_phone=&#8221;inherit&#8221; column_padding_position=&#8221;all&#8221; column_element_direction_desktop=&#8221;default&#8221; column_element_spacing=&#8221;default&#8221; desktop_text_alignment=&#8221;default&#8221; tablet_text_alignment=&#8221;default&#8221; phone_text_alignment=&#8221;default&#8221; background_color_opacity=&#8221;1&#8243; background_hover_color_opacity=&#8221;1&#8243; column_backdrop_filter=&#8221;none&#8221; column_shadow=&#8221;none&#8221; column_border_radius=&#8221;none&#8221; column_link_target=&#8221;_self&#8221; overflow=&#8221;visible&#8221; gradient_direction=&#8221;left_to_right&#8221; overlay_strength=&#8221;0.3&#8243; width=&#8221;1\/2&#8243; tablet_width_inherit=&#8221;small_desktop&#8221; animation_type=&#8221;default&#8221; enable_animation=&#8221;true&#8221; animation=&#8221;fade-in-from-bottom&#8221; animation_easing=&#8221;default&#8221; bg_image_animation=&#8221;none&#8221; border_type=&#8221;simple&#8221; column_border_width=&#8221;none&#8221; column_border_style=&#8221;solid&#8221;][vc_column_text css_animation=&#8221;none&#8221; css=&#8221;.vc_custom_1583270575677{margin-bottom: 10px !important;}&#8221;]\n<h4>Design Focused<\/h4>\n[\/vc_column_text][vc_custom_heading text=&#8221;Separated they live in Bookmarksgrove right at the coast of the Semantics, a large language ocean.&#8221; font_container=&#8221;tag:p|font_size:16px|text_align:left|line_height:2em&#8221; use_theme_fonts=&#8221;yes&#8221; css_animation=&#8221;none&#8221;][\/vc_column_inner][\/vc_row_inner][vc_row_inner column_margin=&#8221;default&#8221; column_direction=&#8221;default&#8221; column_direction_tablet=&#8221;default&#8221; column_direction_phone=&#8221;default&#8221; bottom_padding=&#8221;0px&#8221; bottom_padding_tablet=&#8221;40px&#8221; bottom_padding_phone=&#8221;40px&#8221; text_align=&#8221;left&#8221; row_position=&#8221;default&#8221; row_position_tablet=&#8221;inherit&#8221; row_position_phone=&#8221;inherit&#8221; overflow=&#8221;visible&#8221; pointer_events=&#8221;all&#8221;][vc_column_inner column_padding=&#8221;no-extra-padding&#8221; column_padding_tablet=&#8221;inherit&#8221; column_padding_phone=&#8221;inherit&#8221; column_padding_position=&#8221;all&#8221; column_element_direction_desktop=&#8221;default&#8221; column_element_spacing=&#8221;default&#8221; desktop_text_alignment=&#8221;default&#8221; tablet_text_alignment=&#8221;default&#8221; phone_text_alignment=&#8221;default&#8221; background_color_opacity=&#8221;1&#8243; background_hover_color_opacity=&#8221;1&#8243; column_backdrop_filter=&#8221;none&#8221; column_shadow=&#8221;none&#8221; column_border_radius=&#8221;none&#8221; column_link_target=&#8221;_self&#8221; overflow=&#8221;visible&#8221; gradient_direction=&#8221;left_to_right&#8221; overlay_strength=&#8221;0.3&#8243; width=&#8221;1\/1&#8243; tablet_width_inherit=&#8221;default&#8221; animation_type=&#8221;default&#8221; enable_animation=&#8221;true&#8221; animation=&#8221;fade-in-from-bottom&#8221; animation_easing=&#8221;default&#8221; bg_image_animation=&#8221;none&#8221; border_type=&#8221;simple&#8221; column_border_width=&#8221;none&#8221; column_border_style=&#8221;solid&#8221;][nectar_cta btn_style=&#8221;arrow-animation&#8221; heading_tag=&#8221;h6&#8243; button_color=&#8221;accent-color&#8221; text_color=&#8221;#ffffff&#8221; button_border_thickness=&#8221;0px&#8221; link_type=&#8221;regular&#8221; alignment=&#8221;left&#8221; alignment_tablet=&#8221;default&#8221; alignment_phone=&#8221;default&#8221; display=&#8221;block&#8221; display_tablet=&#8221;inherit&#8221; display_phone=&#8221;inherit&#8221; link_text=&#8221;Contact Us&#8221; padding_top=&#8221;15&#8243; padding_right=&#8221;35&#8243; padding_bottom=&#8221;15&#8243; padding_left=&#8221;35&#8243;][\/vc_column_inner][\/vc_row_inner][\/vc_column][\/vc_row][vc_row type=&#8221;in_container&#8221; full_screen_row_position=&#8221;middle&#8221; column_margin=&#8221;default&#8221; column_direction=&#8221;default&#8221; column_direction_tablet=&#8221;default&#8221; column_direction_phone=&#8221;default&#8221; scene_position=&#8221;center&#8221; text_color=&#8221;dark&#8221; text_align=&#8221;left&#8221; row_border_radius=&#8221;none&#8221; row_border_radius_applies=&#8221;bg&#8221; overflow=&#8221;visible&#8221; overlay_strength=&#8221;0.3&#8243; gradient_direction=&#8221;left_to_right&#8221; shape_divider_position=&#8221;bottom&#8221; bg_image_animation=&#8221;none&#8221;][vc_column column_padding=&#8221;no-extra-padding&#8221; column_padding_tablet=&#8221;inherit&#8221; column_padding_phone=&#8221;inherit&#8221; column_padding_position=&#8221;all&#8221; column_element_direction_desktop=&#8221;default&#8221; column_element_spacing=&#8221;default&#8221; desktop_text_alignment=&#8221;default&#8221; tablet_text_alignment=&#8221;default&#8221; phone_text_alignment=&#8221;default&#8221; background_color_opacity=&#8221;1&#8243; background_hover_color_opacity=&#8221;1&#8243; column_backdrop_filter=&#8221;none&#8221; column_shadow=&#8221;none&#8221; column_border_radius=&#8221;none&#8221; column_link_target=&#8221;_self&#8221; column_position=&#8221;default&#8221; gradient_direction=&#8221;left_to_right&#8221; overlay_strength=&#8221;0.3&#8243; width=&#8221;1\/1&#8243; tablet_width_inherit=&#8221;default&#8221; animation_type=&#8221;default&#8221; bg_image_animation=&#8221;none&#8221; border_type=&#8221;simple&#8221; column_border_width=&#8221;none&#8221; column_border_style=&#8221;solid&#8221;][vc_column_text]\n<table>\n<thead>\n<tr>\n<th>Forkortelse<\/th>\n<th>Forklaring<\/th>\n<\/tr>\n<\/thead>\n<tbody>\n<tr>\n<td>SEO<\/td>\n<td>Search Engine Optimization (S\u00f8gemaskineoptimering) &#8211; Processen med at optimere en hjemmeside for at opn\u00e5 h\u00f8jere placeringer i organiske (ikke-betalte) s\u00f8geresultater i s\u00f8gemaskiner som f.eks. Google.<\/td>\n<\/tr>\n<tr>\n<td>SEM<\/td>\n<td>Search Engine Marketing (S\u00f8gemaskinemarkedsf\u00f8ring) &#8211; En markedsf\u00f8ringsmetode, der involverer brugen af betalte annoncer for at forbedre synligheden og trafikken til en hjemmeside i s\u00f8gemaskiner.<\/td>\n<\/tr>\n<tr>\n<td>PPC<\/td>\n<td>Pay-Per-Click (Betal-per-klik) &#8211; En annoncebetalingsmodel, hvor annonc\u00f8rer betaler en afgift hver gang en bruger klikker p\u00e5 deres annonce.<\/td>\n<\/tr>\n<tr>\n<td>CTR<\/td>\n<td>Click-Through Rate (Klikrate) &#8211; Procentdelen af personer, der ser en annonce eller et link, og derefter klikker p\u00e5 det for at bes\u00f8ge den m\u00e5lrettede hjemmeside.<\/td>\n<\/tr>\n<tr>\n<td>CPC<\/td>\n<td>Cost-Per-Click (Omkostninger pr. Klik) &#8211; Den gennemsnitlige omkostning, en annonc\u00f8r betaler for hver enkelt klik p\u00e5 deres annonce.<\/td>\n<\/tr>\n<tr>\n<td>ROI<\/td>\n<td>Return on Investment (Investeringens afkast) &#8211; En m\u00e5ling af fortjenesten i forhold til de omkostninger, der er investeret i en marketingkampagne eller en aktivitet.<\/td>\n<\/tr>\n<tr>\n<td>KPI<\/td>\n<td>Key Performance Indicator (Vigtig pr\u00e6stationsindikator) &#8211; En m\u00e5lbar v\u00e6rdi, der bruges til at evaluere, hvordan en virksomhed eller en marketingkampagne klarer sig i forhold til sine m\u00e5l.<\/td>\n<\/tr>\n<tr>\n<td>CRM<\/td>\n<td>Customer Relationship Management (Kundepleje) &#8211; En strategi og softwarel\u00f8sning, der hj\u00e6lper med at administrere og styrke virksomhedens interaktioner og relationer med kunderne.<\/td>\n<\/tr>\n<tr>\n<td>CRO<\/td>\n<td>Conversion Rate Optimization (Konverteringsoptimering) &#8211; Processen med at forbedre den procentvise andel af bes\u00f8gende p\u00e5 en hjemmeside, der foretager en \u00f8nsket handling, f.eks. et k\u00f8b eller en tilmelding.<\/td>\n<\/tr>\n<tr>\n<td>CMS<\/td>\n<td>Content Management System (Indholdsstyringssystem) &#8211; En softwareplatform, der bruges til at oprette, redigere og administrere indholdet p\u00e5 en hjemmeside uden at skulle have kendskab til programmering.<\/td>\n<\/tr>\n<tr>\n<td>UX<\/td>\n<td>User Experience (Brugeroplevelse) &#8211; Den overordnede oplevelse, som en bruger har, n\u00e5r de interagerer med en hjemmeside eller en app, herunder brugervenlighed, funktionalitet og tilfredshed.<\/td>\n<\/tr>\n<tr>\n<td>UI<\/td>\n<td>User Interface (Brugergr\u00e6nseflade) &#8211; Det visuelle design og den interaktive del af en hjemmeside eller en app, der giver brugeren mulighed for at interagere med indholdet.<\/td>\n<\/tr>\n<tr>\n<td>SERP<\/td>\n<td>Search Engine Results Page (S\u00f8gemaskineresultatside) &#8211; Den side, der vises i s\u00f8geresultater<\/td>\n<\/tr>\n<\/tbody>\n<\/table>\n<table>\n<tbody>\n<tr>\n<td>API<\/td>\n<td>Application Programming Interface (Applikationsprogrammeringsgr\u00e6nseflade) &#8211; Et s\u00e6t regler og protokoller, der tillader forskellige softwareapplikationer at kommunikere og udveksle data med hinanden.<\/td>\n<\/tr>\n<tr>\n<td>CTA<\/td>\n<td>Call to Action (Handlingsopfordring) &#8211; En tekst eller et element p\u00e5 en hjemmeside eller en annonce, der opfordrer brugeren til at udf\u00f8re en bestemt handling, f.eks. &#8220;K\u00f8b nu&#8221; eller &#8220;Tilmeld dig her&#8221;.<\/td>\n<\/tr>\n<tr>\n<td>CPA<\/td>\n<td>Cost-Per-Acquisition (Omkostninger pr. Erhvervelse) &#8211; Den gennemsnitlige omkostning, en annonc\u00f8r betaler for at erhverve en ny kunde eller opn\u00e5 en bestemt handling, f.eks. et salg eller en tilmelding.<\/td>\n<\/tr>\n<tr>\n<td>CPL<\/td>\n<td>Cost-Per-Lead (Omkostninger pr. Potentiel kunde) &#8211; Den gennemsnitlige omkostning, en annonc\u00f8r betaler for at generere en ny potentielt kunde, normalt gennem en formular eller en tilmelding.<\/td>\n<\/tr>\n<tr>\n<td>CPM<\/td>\n<td>Cost-Per-Thousand Impressions (Omkostninger pr. Tusinde visninger) &#8211; Den gennemsnitlige omkostning, en annonc\u00f8r betaler for hver tusind gange, en annonce vises for brugere.<\/td>\n<\/tr>\n<tr>\n<td>GA<\/td>\n<td>Google Analytics (Google Analytics) &#8211; En webanalysetjeneste leveret af Google, der giver indsigt i trafikken, brugeradf\u00e6rd og konverteringer p\u00e5 en hjemmeside.<\/td>\n<\/tr>\n<tr>\n<td>SMM<\/td>\n<td>Social Media Marketing (Markedsf\u00f8ring p\u00e5 sociale medier) &#8211; Brugen af sociale medieplatforme som f.eks. Facebook, Instagram og Twitter til at markedsf\u00f8re produkter og n\u00e5 ud til m\u00e5lgruppen.<\/td>\n<\/tr>\n<tr>\n<td>B2B<\/td>\n<td>Business-to-Business (Forretning-til-forretning) &#8211; En type handel, hvor virksomheder s\u00e6lger varer eller ydelser til andre virksomheder.<\/td>\n<\/tr>\n<tr>\n<td>B2C<\/td>\n<td>Business-to-Consumer (Forretning-til-forbruger) &#8211; En type handel, hvor virksomheder s\u00e6lger varer eller ydelser direkte til forbrugere.<\/td>\n<\/tr>\n<tr>\n<td>DMA<\/td>\n<td>Direct Marketing Association (Direkte Markedsf\u00f8ring Forening) &#8211; En brancheforening, der fremmer bedste praksis og etiske standarder for direkte markedsf\u00f8ring.<\/td>\n<\/tr>\n<tr>\n<td>DOOH<\/td>\n<td>Digital Out of Home (Digital reklame uden for hjemmet) &#8211; Anvendelsen af digitale sk\u00e6rme og reklameindhold p\u00e5 steder som f.eks. gadebilleder, butiksfacader eller offentlige transportmidler.<\/td>\n<\/tr>\n<tr>\n<td>ESP<\/td>\n<td>Email Service Provider (E-mail-tjenesteudbyder) &#8211; En virksomhed eller platform, der tilbyder e-mail-marketingv\u00e6rkt\u00f8jer og -tjenester til at sende og administrere e-mail-kampagner.<\/td>\n<\/tr>\n<tr>\n<td>LTV<\/td>\n<td>Lifetime Value (Levetidsv\u00e6rdi) &#8211; Den samlede indtjening, en kunde genererer for en virksomhed i l\u00f8bet af deres levetid som kunde.<\/td>\n<\/tr>\n<tr>\n<td>MQL<\/td>\n<td>Marketing Qualified Lead (Marketingkvalificeret<\/td>\n<\/tr>\n<\/tbody>\n<\/table>\n<table>\n<tbody>\n<tr>\n<td>PII<\/td>\n<td>Personally Identifiable Information (Personligt identificerbare oplysninger) &#8211; Enhver information, der kan bruges til at identificere en bestemt person, s\u00e5som navn, adresse, telefonnummer eller e-mailadresse.<\/td>\n<\/tr>\n<tr>\n<td>AIDA<\/td>\n<td>Attention, Interest, Desire, Action (Opfattelse, Interesse, \u00d8nske, Handling) &#8211; En model, der beskriver de trin, en kunde g\u00e5r igennem i en salgsproces, fra opm\u00e6rksomhed til at tage en handling.<\/td>\n<\/tr>\n<tr>\n<td>BANT<\/td>\n<td>Budget, Authority, Need, Timing (Budget, Beslutningskraft, Behov, Timing) &#8211; En kvalifikationsramme, der bruges til at vurdere, hvorvidt en lead er af h\u00f8j kvalitet og har potentiale til at blive en betalende kunde.<\/td>\n<\/tr>\n<tr>\n<td>CTRO<\/td>\n<td>Click-Through Rate Optimization (Optimering af klikrate) &#8211; Processen med at forbedre den procentdel af klik, der opn\u00e5s i forhold til antallet af visninger af en annonce eller et link.<\/td>\n<\/tr>\n<tr>\n<td>CTTR<\/td>\n<td>Click-Through Through Rate (Klik-gennem-rate) &#8211; Det samlede antal klik p\u00e5 et link divideret med det samlede antal visninger af linket, udtrykt som en procentdel.<\/td>\n<\/tr>\n<tr>\n<td>FOMO<\/td>\n<td>Fear of Missing Out (Frygten for at g\u00e5 glip af noget) &#8211; En f\u00f8lelse af angst eller bekymring for at g\u00e5 glip af sp\u00e6ndende eller vigtige begivenheder eller muligheder, der ofte bruges i marketing for at skabe incitament til handling.<\/td>\n<\/tr>\n<tr>\n<td>HTML<\/td>\n<td>Hypertext Markup Language (Hypertekst Markup-sprog) &#8211; Et standardiseret sprog, der bruges til at oprette og strukturere indholdet p\u00e5 en hjemmeside, herunder tekst, billeder, links og andre elementer.<\/td>\n<\/tr>\n<tr>\n<td>CSS<\/td>\n<td>Cascading Style Sheets (Kaskaderende typografiark) &#8211; Et sprog, der bruges til at definere udseendet og layoutet af indholdet p\u00e5 en hjemmeside, herunder farver, skrifttyper, margener og placering af elementer.<\/td>\n<\/tr>\n<tr>\n<td>RSS<\/td>\n<td>Really Simple Syndication (Rigtig enkel syndikering) &#8211; En teknologi, der tillader brugere at abonnere p\u00e5 opdateringer fra forskellige websteder og modtage nyheder eller indhold i en samlet str\u00f8m.<\/td>\n<\/tr>\n<tr>\n<td>AOV<\/td>\n<td>Average Order Value (Gennemsnitlig ordrev\u00e6rdi) &#8211; Den gennemsnitlige v\u00e6rdi af hvert salg eller ordre, der genereres af en virksomhed, beregnet ved at dividere den samlede indtjening med det samlede antal ordrer.<\/td>\n<\/tr>\n<\/tbody>\n<\/table>\n[\/vc_column_text][\/vc_column][\/vc_row]\n","protected":false},"excerpt":{"rendered":"<p>[vc_row type=&#8221;full_width_content&#8221; full_screen_row_position=&#8221;middle&#8221; column_margin=&#8221;default&#8221; equal_height=&#8221;yes&#8221; content_placement=&#8221;middle&#8221; column_direction=&#8221;default&#8221; column_direction_tablet=&#8221;default&#8221; column_direction_phone=&#8221;default&#8221; bg_color=&#8221;#ffffff&#8221; scene_position=&#8221;center&#8221; constrain_group_1=&#8221;yes&#8221; top_padding_tablet=&#8221;8%&#8221; bottom_padding_tablet=&#8221;8%&#8221; text_color=&#8221;dark&#8221; text_align=&#8221;left&#8221; row_border_radius=&#8221;none&#8221; row_border_radius_applies=&#8221;bg&#8221; overflow=&#8221;visible&#8221; id=&#8221;home&#8221; overlay_strength=&#8221;0.5&#8243; gradient_direction=&#8221;top_to_bottom&#8221; shape_divider_position=&#8221;bottom&#8221; bg_image_animation=&#8221;none&#8221; shape_type=&#8221;straight_section&#8221;][vc_column column_padding=&#8221;no-extra-padding&#8221; column_padding_tablet=&#8221;inherit&#8221; column_padding_phone=&#8221;inherit&#8221; column_padding_position=&#8221;all&#8221; left_margin_tablet=&#8221;auto&#8221;&#8230;<\/p>\n","protected":false},"author":1,"featured_media":0,"parent":0,"menu_order":0,"comment_status":"closed","ping_status":"closed","template":"","meta":{"footnotes":""},"class_list":["post-76","page","type-page","status-publish"],"_links":{"self":[{"href":"https:\/\/onlineforretning.dk\/index.php?rest_route=\/wp\/v2\/pages\/76","targetHints":{"allow":["GET"]}}],"collection":[{"href":"https:\/\/onlineforretning.dk\/index.php?rest_route=\/wp\/v2\/pages"}],"about":[{"href":"https:\/\/onlineforretning.dk\/index.php?rest_route=\/wp\/v2\/types\/page"}],"author":[{"embeddable":true,"href":"https:\/\/onlineforretning.dk\/index.php?rest_route=\/wp\/v2\/users\/1"}],"replies":[{"embeddable":true,"href":"https:\/\/onlineforretning.dk\/index.php?rest_route=%2Fwp%2Fv2%2Fcomments&post=76"}],"version-history":[{"count":3,"href":"https:\/\/onlineforretning.dk\/index.php?rest_route=\/wp\/v2\/pages\/76\/revisions"}],"predecessor-version":[{"id":80,"href":"https:\/\/onlineforretning.dk\/index.php?rest_route=\/wp\/v2\/pages\/76\/revisions\/80"}],"wp:attachment":[{"href":"https:\/\/onlineforretning.dk\/index.php?rest_route=%2Fwp%2Fv2%2Fmedia&parent=76"}],"curies":[{"name":"wp","href":"https:\/\/api.w.org\/{rel}","templated":true}]}}